{"id":7,"date":"2023-11-07T10:10:08","date_gmt":"2023-11-07T15:10:08","guid":{"rendered":"https:\/\/mediaklic.com\/?page_id=7"},"modified":"2026-04-24T22:29:13","modified_gmt":"2026-04-25T02:29:13","slug":"accueil","status":"publish","type":"page","link":"https:\/\/mediaklic.com\/accueil\/","title":{"rendered":"Service"},"content":{"rendered":"\t\t<div data-elementor-type=\"wp-page\" data-elementor-id=\"7\" class=\"elementor elementor-7\" data-elementor-post-type=\"page\">\n\t\t\t\t<div class=\"elementor-element elementor-element-e17155f e-flex e-con-boxed e-con e-parent\" data-id=\"e17155f\" data-element_type=\"container\" data-e-type=\"container\">\n\t\t\t\t\t<div class=\"e-con-inner\">\n\t\t\t\t<div class=\"elementor-element elementor-element-6154811e elementor-widget elementor-widget-text-editor\" data-id=\"6154811e\" data-element_type=\"widget\" data-e-type=\"widget\" data-widget_type=\"text-editor.default\">\n\t\t\t\t<div class=\"elementor-widget-container\">\n\t\t\t\t\t\t\t\t\t<p>\u00a0<\/p>\n<!-- \/wp:gallery --><!-- wp:paragraph {\"align\":\"left\"} -->\n<div class=\"wp-block-columns are-vertically-aligned-center\">\n<div class=\"wp-block-column is-vertically-aligned-center\" style=\"flex-basis: 100%;\">\n<p style=\"text-align: center;\" data-path-to-node=\"9,0\"><b data-path-to-node=\"9,0\" data-index-in-node=\"0\">Nos Solutions de Captation et de Diffusion<\/b><\/p>\n<p style=\"text-align: center;\" data-path-to-node=\"9,1\">Media-Klic se sp\u00e9cialise dans la couverture d&rsquo;\u00e9v\u00e9nements de toutes envergures. Que ce soit pour des <b data-path-to-node=\"9,1\" data-index-in-node=\"100\">congr\u00e8s corporatifs<\/b>, des <b data-path-to-node=\"9,1\" data-index-in-node=\"125\">conf\u00e9rences de presse<\/b> ou des <b data-path-to-node=\"9,1\" data-index-in-node=\"154\">spectacles culturels<\/b>, nous d\u00e9ployons des solutions techniques adapt\u00e9es \u00e0 vos besoins.<\/p>\n<p style=\"text-align: center;\" data-path-to-node=\"9,2\">Nous offrons \u00e9galement une expertise pointue dans le domaine sportif, notamment pour le <b data-path-to-node=\"9,2\" data-index-in-node=\"88\">hockey professionnel<\/b>, ainsi que pour des c\u00e9r\u00e9monies plus intimistes comme les fun\u00e9railles ou les mariages, permettant ainsi \u00e0 vos proches de participer \u00e0 distance.<\/p>\n<p style=\"text-align: center;\" data-path-to-node=\"9,3\"><b data-path-to-node=\"9,3\" data-index-in-node=\"0\">Une technologie accessible partout<\/b> Nos services de streaming sont enti\u00e8rement compatibles avec les technologies modernes :<\/p>\n<p style=\"text-align: center;\" data-path-to-node=\"9,4,0,0\">Visionnement sur <b data-path-to-node=\"9,4,0,0\" data-index-in-node=\"17\">Smart TV<\/b> via Chromecast et Apple TV.<\/p>\n<p style=\"text-align: center;\" data-path-to-node=\"9,4,1,0\">Compatibilit\u00e9 totale avec les appareils mobiles (<b data-path-to-node=\"9,4,1,0\" data-index-in-node=\"49\">iPhone et Android<\/b>).<\/p>\n<p style=\"text-align: center;\" data-path-to-node=\"9,4,2,0\">Acc\u00e8s simplifi\u00e9 sur ordinateurs et tablettes.<\/p>\n<\/div>\n<\/div>\n<!-- \/wp:paragraph -->\t\t\t\t\t\t\t\t<\/div>\n\t\t\t\t<\/div>\n\t\t\t\t\t<\/div>\n\t\t\t\t<\/div>\n\t\t\t\t<\/div>\n\t\t","protected":false},"excerpt":{"rendered":"<p>\u00a0 Nos Solutions de Captation et de Diffusion Media-Klic se sp\u00e9cialise dans la couverture d&rsquo;\u00e9v\u00e9nements de toutes envergures. Que ce soit pour des congr\u00e8s corporatifs, des conf\u00e9rences de presse ou des spectacles culturels, nous d\u00e9ployons des solutions techniques adapt\u00e9es \u00e0 vos besoins. Nous offrons \u00e9galement une expertise pointue dans le domaine sportif, notamment pour le [&hellip;]<\/p>\n","protected":false},"author":1,"featured_media":592,"parent":0,"menu_order":0,"comment_status":"closed","ping_status":"closed","template":"","meta":{"footnotes":""},"class_list":["post-7","page","type-page","status-publish","has-post-thumbnail","hentry"],"_links":{"self":[{"href":"https:\/\/mediaklic.com\/wp-json\/wp\/v2\/pages\/7","targetHints":{"allow":["GET"]}}],"collection":[{"href":"https:\/\/mediaklic.com\/wp-json\/wp\/v2\/pages"}],"about":[{"href":"https:\/\/mediaklic.com\/wp-json\/wp\/v2\/types\/page"}],"author":[{"embeddable":true,"href":"https:\/\/mediaklic.com\/wp-json\/wp\/v2\/users\/1"}],"replies":[{"embeddable":true,"href":"https:\/\/mediaklic.com\/wp-json\/wp\/v2\/comments?post=7"}],"version-history":[{"count":25,"href":"https:\/\/mediaklic.com\/wp-json\/wp\/v2\/pages\/7\/revisions"}],"predecessor-version":[{"id":1487,"href":"https:\/\/mediaklic.com\/wp-json\/wp\/v2\/pages\/7\/revisions\/1487"}],"wp:featuredmedia":[{"embeddable":true,"href":"https:\/\/mediaklic.com\/wp-json\/wp\/v2\/media\/592"}],"wp:attachment":[{"href":"https:\/\/mediaklic.com\/wp-json\/wp\/v2\/media?parent=7"}],"curies":[{"name":"wp","href":"https:\/\/api.w.org\/{rel}","templated":true}]}}